{"id":44,"date":"2021-10-10T11:26:13","date_gmt":"2021-10-10T11:26:13","guid":{"rendered":"https:\/\/kupatila.biz\/?page_id=44"},"modified":"2021-10-30T13:37:43","modified_gmt":"2021-10-30T13:37:43","slug":"kupatilo","status":"publish","type":"page","link":"https:\/\/kupatila.biz\/?page_id=44","title":{"rendered":"Salon kupatila"},"content":{"rendered":"<p>[et_pb_section fb_built=&#8221;1&#8243; _builder_version=&#8221;4.12.0&#8243; _module_preset=&#8221;default&#8221; hover_enabled=&#8221;0&#8243; global_colors_info=&#8221;{}&#8221; custom_padding=&#8221;21px||||false|false&#8221; sticky_enabled=&#8221;0&#8243;][et_pb_row column_structure=&#8221;1_4,3_4&#8243; _builder_version=&#8221;4.11.2&#8243; _module_preset=&#8221;default&#8221; global_colors_info=&#8221;{}&#8221;][et_pb_column type=&#8221;1_4&#8243; _builder_version=&#8221;4.11.2&#8243; _module_preset=&#8221;default&#8221; global_colors_info=&#8221;{}&#8221;][et_pb_sidebar _builder_version=&#8221;4.12.0&#8243; _module_preset=&#8221;default&#8221; hover_enabled=&#8221;0&#8243; sticky_enabled=&#8221;0&#8243; custom_margin=&#8221;||0px|||&#8221;][\/et_pb_sidebar][et_pb_cta title=&#8221;Your Title Goes Here&#8221; button_text=&#8221;Click Here&#8221; _builder_version=&#8221;4.12.0&#8243; _module_preset=&#8221;default&#8221; background_enable_image=&#8221;off&#8221; global_colors_info=&#8221;{}&#8221; global_module=&#8221;969&#8243; theme_builder_area=&#8221;post_content&#8221;]<\/p>\n<p>Your content goes here. Edit or remove this text inline or in the module Content settings.<\/p>\n<p>[\/et_pb_cta][et_pb_blurb title=&#8221;Your Title Goes Here&#8221; image=&#8221;https:\/\/kupatila.biz\/wp-content\/uploads\/2021\/10\/promo1.jpg&#8221; _builder_version=&#8221;4.12.0&#8243; _module_preset=&#8221;default&#8221; background_enable_image=&#8221;off&#8221; global_colors_info=&#8221;{}&#8221; global_module=&#8221;970&#8243; theme_builder_area=&#8221;post_content&#8221;]<\/p>\n<p>Your content goes here. Edit or remove this text inline or in the module Content settings. <\/p>\n<p>[\/et_pb_blurb][\/et_pb_column][et_pb_column type=&#8221;3_4&#8243; _builder_version=&#8221;4.11.2&#8243; _module_preset=&#8221;default&#8221; global_colors_info=&#8221;{}&#8221;][et_pb_text _builder_version=&#8221;4.11.2&#8243; _module_preset=&#8221;default&#8221; text_font=&#8221;||||||||&#8221; header_font=&#8221;Montserrat|||on|||||&#8221; header_text_color=&#8221;#444444&#8243; header_font_size=&#8221;20px&#8221; header_letter_spacing=&#8221;0.5px&#8221; header_2_font=&#8221;Montserrat|||on|||||&#8221; header_2_text_color=&#8221;#444444&#8243; header_2_font_size=&#8221;18px&#8221; text_orientation=&#8221;justified&#8221; custom_margin=&#8221;||11px||false|false&#8221; global_colors_info=&#8221;{}&#8221;]<\/p>\n<h1>Saloni keramike<\/h1>\n<p>[\/et_pb_text][et_pb_text _builder_version=&#8221;4.11.2&#8243; _module_preset=&#8221;default&#8221; text_font=&#8221;||||||||&#8221; header_font=&#8221;Montserrat|||on|||||&#8221; header_text_color=&#8221;#444444&#8243; header_font_size=&#8221;20px&#8221; header_letter_spacing=&#8221;0.5px&#8221; header_2_font=&#8221;Montserrat|||on|||||&#8221; header_2_text_color=&#8221;#444444&#8243; header_2_font_size=&#8221;18px&#8221; text_orientation=&#8221;justified&#8221; custom_margin=&#8221;-2px|||||&#8221; global_colors_info=&#8221;{}&#8221;]<\/p>\n<p>Konkurentnim na tr\u017ei\u0161tu, u\u010dinila nas je saradnja sa renomiranim doma\u0107im i stranim firmama, a ljubazno osoblje i profesionalan odnos prema poslu u\u010dinilo je da na\u0161i <a href=\"https:\/\/kupatila.biz\/tus-kabine-kontakt\/salon-kupatila\/\">saloni keramike<\/a> budu najpose\u0107eniji.<\/p>\n<p>Na\u0161i saloni keramike mogu da Vam ponude \u0161irok asortiman proizvoda, razli\u010ditih proizvodja\u010da, za opremanje Va\u0161eg \u017eivotnog prostora. U kvalitet prodajnog programa mo\u017eete se uveriti posetom na\u0161im salonima kao i u bogatstvo ponude proizvoda. Saloni obuhvataju velik izlo\u017ebeni prostor. Proizvodi su slo\u017eeni po svim standardima i izlo\u017eeni da budu dostupni i pregledni.<\/p>\n<p>Uz na\u0161u pomo\u0107 opremite brzo, lako i moderno poslovne prostore, stambene prostore, <strong>kupatilo<\/strong>, kuhinju. Ukoliko nemate ideju za opremanje <strong>kupatila<\/strong> ili vam je potreban savet pri projektovanju u funkcionalnom i vizuelnom smislu. Obratite se nama! Mo\u017eemo na licu mesta uz pomo\u0107 najnovijih tehnologija da vam realisti\u010dki do\u010daramo va\u0161e kupatilo i njegov novi izgled kao i ostale prostorne funkcije. Odaberite najbolje idejno re\u0161enje uz na\u0161u pomo\u0107 i stru\u010dne savete.<\/p>\n<p>&nbsp;<\/p>\n<h2>Oprema za kupatilo<\/h2>\n<p>Najpotpuniju i najbolju ponudu u Srbiji mogu da Vam ponude na\u0161i <strong>saloni keramike<\/strong>. Na raspolaganju su Vam: <strong>keramicke plocice<\/strong>, <span style=\"text-decoration: underline;\">tus kabine, tus kade, kade<\/span>, <a href=\"https:\/\/kupatila.biz\/keramicke-plocice\/\">sanitarije<\/a>, baterije, kupatilska galanterija, elektro materijal, alati, praskasti materijali, srafovska roba, cilindri, okovi, kvake, SAN MARKO boje itd. Bogat izbor <em>materijala za vodovod<\/em> i kanalizaciju poznatih proizvodja\u010da AQUATERM, PILSA, <a href=\"http:\/\/pestan.net\/sr\/\">PE\u0160TAN<\/a> itd. Hidroforske posude, elektri\u010dni greja\u010di vode itd.<\/p>\n<p>Uverite se u kvalitet i velik izbor proizvoda! Pogledajte Na\u0161u ponudu u salonima kupatila Beograd ili nas kontaktirajte telefonom!<\/p>\n<p>&nbsp;<\/p>\n<p>&nbsp;<\/p>\n<p>[\/et_pb_text][\/et_pb_column][\/et_pb_row][\/et_pb_section]<\/p>\n","protected":false},"excerpt":{"rendered":"<p>Your content goes here. Edit or remove this text inline or in the module Content settings.Your content goes here. Edit or remove this text inline or in the module Content settings. Saloni keramikeKonkurentnim na tr\u017ei\u0161tu, u\u010dinila nas je saradnja sa renomiranim doma\u0107im i stranim firmama, a ljubazno osoblje i profesionalan odnos prema poslu u\u010dinilo je [&hellip;]<\/p>\n","protected":false},"author":1,"featured_media":0,"parent":36,"menu_order":2,"comment_status":"closed","ping_status":"closed","template":"","meta":{"_et_pb_use_builder":"on","_et_pb_old_content":"<!-- wp:divi\/placeholder \/-->","_et_gb_content_width":"","footnotes":""},"class_list":["post-44","page","type-page","status-publish","hentry"],"yoast_head":"<!-- This site is optimized with the Yoast SEO plugin v25.3.1 - https:\/\/yoast.com\/wordpress\/plugins\/seo\/ -->\n<title>Oprema za kupatilo - Kupatila Beograd<\/title>\n<meta name=\"description\" content=\"Na\u0161i saloni keramike mogu da Vam ponude \u0161irok asortiman proizvoda, razli\u010ditih proizvodja\u010da, za\" \/>\n<meta name=\"robots\" content=\"index, follow, max-snippet:-1, max-image-preview:large, max-video-preview:-1\" \/>\n<link rel=\"canonical\" href=\"https:\/\/kupatila.biz\/?page_id=44\" \/>\n<meta property=\"og:locale\" content=\"en_US\" \/>\n<meta property=\"og:type\" content=\"article\" \/>\n<meta property=\"og:title\" content=\"Oprema za kupatilo - Kupatila Beograd\" \/>\n<meta property=\"og:description\" content=\"Na\u0161i saloni keramike mogu da Vam ponude \u0161irok asortiman proizvoda, razli\u010ditih proizvodja\u010da, za\" \/>\n<meta property=\"og:url\" content=\"https:\/\/kupatila.biz\/?page_id=44\" \/>\n<meta property=\"og:site_name\" content=\"Kupatila Beograd\" \/>\n<meta property=\"article:modified_time\" content=\"2021-10-30T13:37:43+00:00\" \/>\n<meta name=\"twitter:card\" content=\"summary_large_image\" \/>\n<meta name=\"twitter:label1\" content=\"Est. reading time\" \/>\n\t<meta name=\"twitter:data1\" content=\"2 minutes\" \/>\n<script type=\"application\/ld+json\" class=\"yoast-schema-graph\">{\"@context\":\"https:\/\/schema.org\",\"@graph\":[{\"@type\":\"WebPage\",\"@id\":\"https:\/\/kupatila.biz\/?page_id=44\",\"url\":\"https:\/\/kupatila.biz\/?page_id=44\",\"name\":\"Oprema za kupatilo - Kupatila Beograd\",\"isPartOf\":{\"@id\":\"https:\/\/kupatila.biz\/#website\"},\"datePublished\":\"2021-10-10T11:26:13+00:00\",\"dateModified\":\"2021-10-30T13:37:43+00:00\",\"description\":\"Na\u0161i saloni keramike mogu da Vam ponude \u0161irok asortiman proizvoda, razli\u010ditih proizvodja\u010da, za\",\"breadcrumb\":{\"@id\":\"https:\/\/kupatila.biz\/?page_id=44#breadcrumb\"},\"inLanguage\":\"en-US\",\"potentialAction\":[{\"@type\":\"ReadAction\",\"target\":[\"https:\/\/kupatila.biz\/?page_id=44\"]}]},{\"@type\":\"BreadcrumbList\",\"@id\":\"https:\/\/kupatila.biz\/?page_id=44#breadcrumb\",\"itemListElement\":[{\"@type\":\"ListItem\",\"position\":1,\"name\":\"Home\",\"item\":\"https:\/\/kupatila.biz\/\"},{\"@type\":\"ListItem\",\"position\":2,\"name\":\"O nama\",\"item\":\"https:\/\/kupatila.biz\/?page_id=36\"},{\"@type\":\"ListItem\",\"position\":3,\"name\":\"Salon kupatila\"}]},{\"@type\":\"WebSite\",\"@id\":\"https:\/\/kupatila.biz\/#website\",\"url\":\"https:\/\/kupatila.biz\/\",\"name\":\"Kupatila Beograd\",\"description\":\"Keramika\",\"potentialAction\":[{\"@type\":\"SearchAction\",\"target\":{\"@type\":\"EntryPoint\",\"urlTemplate\":\"https:\/\/kupatila.biz\/?s={search_term_string}\"},\"query-input\":{\"@type\":\"PropertyValueSpecification\",\"valueRequired\":true,\"valueName\":\"search_term_string\"}}],\"inLanguage\":\"en-US\"}]}<\/script>\n<!-- \/ Yoast SEO plugin. -->","yoast_head_json":{"title":"Oprema za kupatilo - Kupatila Beograd","description":"Na\u0161i saloni keramike mogu da Vam ponude \u0161irok asortiman proizvoda, razli\u010ditih proizvodja\u010da, za","robots":{"index":"index","follow":"follow","max-snippet":"max-snippet:-1","max-image-preview":"max-image-preview:large","max-video-preview":"max-video-preview:-1"},"canonical":"https:\/\/kupatila.biz\/?page_id=44","og_locale":"en_US","og_type":"article","og_title":"Oprema za kupatilo - Kupatila Beograd","og_description":"Na\u0161i saloni keramike mogu da Vam ponude \u0161irok asortiman proizvoda, razli\u010ditih proizvodja\u010da, za","og_url":"https:\/\/kupatila.biz\/?page_id=44","og_site_name":"Kupatila Beograd","article_modified_time":"2021-10-30T13:37:43+00:00","twitter_card":"summary_large_image","twitter_misc":{"Est. reading time":"2 minutes"},"schema":{"@context":"https:\/\/schema.org","@graph":[{"@type":"WebPage","@id":"https:\/\/kupatila.biz\/?page_id=44","url":"https:\/\/kupatila.biz\/?page_id=44","name":"Oprema za kupatilo - Kupatila Beograd","isPartOf":{"@id":"https:\/\/kupatila.biz\/#website"},"datePublished":"2021-10-10T11:26:13+00:00","dateModified":"2021-10-30T13:37:43+00:00","description":"Na\u0161i saloni keramike mogu da Vam ponude \u0161irok asortiman proizvoda, razli\u010ditih proizvodja\u010da, za","breadcrumb":{"@id":"https:\/\/kupatila.biz\/?page_id=44#breadcrumb"},"inLanguage":"en-US","potentialAction":[{"@type":"ReadAction","target":["https:\/\/kupatila.biz\/?page_id=44"]}]},{"@type":"BreadcrumbList","@id":"https:\/\/kupatila.biz\/?page_id=44#breadcrumb","itemListElement":[{"@type":"ListItem","position":1,"name":"Home","item":"https:\/\/kupatila.biz\/"},{"@type":"ListItem","position":2,"name":"O nama","item":"https:\/\/kupatila.biz\/?page_id=36"},{"@type":"ListItem","position":3,"name":"Salon kupatila"}]},{"@type":"WebSite","@id":"https:\/\/kupatila.biz\/#website","url":"https:\/\/kupatila.biz\/","name":"Kupatila Beograd","description":"Keramika","potentialAction":[{"@type":"SearchAction","target":{"@type":"EntryPoint","urlTemplate":"https:\/\/kupatila.biz\/?s={search_term_string}"},"query-input":{"@type":"PropertyValueSpecification","valueRequired":true,"valueName":"search_term_string"}}],"inLanguage":"en-US"}]}},"_links":{"self":[{"href":"https:\/\/kupatila.biz\/index.php?rest_route=\/wp\/v2\/pages\/44","targetHints":{"allow":["GET"]}}],"collection":[{"href":"https:\/\/kupatila.biz\/index.php?rest_route=\/wp\/v2\/pages"}],"about":[{"href":"https:\/\/kupatila.biz\/index.php?rest_route=\/wp\/v2\/types\/page"}],"author":[{"embeddable":true,"href":"https:\/\/kupatila.biz\/index.php?rest_route=\/wp\/v2\/users\/1"}],"replies":[{"embeddable":true,"href":"https:\/\/kupatila.biz\/index.php?rest_route=%2Fwp%2Fv2%2Fcomments&post=44"}],"version-history":[{"count":0,"href":"https:\/\/kupatila.biz\/index.php?rest_route=\/wp\/v2\/pages\/44\/revisions"}],"up":[{"embeddable":true,"href":"https:\/\/kupatila.biz\/index.php?rest_route=\/wp\/v2\/pages\/36"}],"wp:attachment":[{"href":"https:\/\/kupatila.biz\/index.php?rest_route=%2Fwp%2Fv2%2Fmedia&parent=44"}],"curies":[{"name":"wp","href":"https:\/\/api.w.org\/{rel}","templated":true}]}}