{"id":39,"date":"2021-10-10T11:18:19","date_gmt":"2021-10-10T11:18:19","guid":{"rendered":"https:\/\/kupatila.biz\/?page_id=39"},"modified":"2021-10-30T13:34:59","modified_gmt":"2021-10-30T13:34:59","slug":"oprema-za-kupatila","status":"publish","type":"page","link":"https:\/\/kupatila.biz\/?page_id=39","title":{"rendered":"O firmi"},"content":{"rendered":"<p>[et_pb_section fb_built=&#8221;1&#8243; _builder_version=&#8221;4.11.2&#8243; _module_preset=&#8221;default&#8221; custom_padding=&#8221;21px|||||&#8221; global_colors_info=&#8221;{}&#8221;][et_pb_row column_structure=&#8221;1_4,3_4&#8243; _builder_version=&#8221;4.11.2&#8243; _module_preset=&#8221;default&#8221; global_colors_info=&#8221;{}&#8221;][et_pb_column type=&#8221;1_4&#8243; _builder_version=&#8221;4.11.2&#8243; _module_preset=&#8221;default&#8221; global_colors_info=&#8221;{}&#8221;][et_pb_sidebar _builder_version=&#8221;4.12.0&#8243; _module_preset=&#8221;default&#8221; custom_margin=&#8221;||-3px|||&#8221; global_colors_info=&#8221;{}&#8221;][\/et_pb_sidebar][et_pb_cta title=&#8221;Your Title Goes Here&#8221; button_text=&#8221;Click Here&#8221; _builder_version=&#8221;4.12.0&#8243; _module_preset=&#8221;default&#8221; background_enable_image=&#8221;off&#8221; global_colors_info=&#8221;{}&#8221; global_module=&#8221;969&#8243; saved_tabs=&#8221;all&#8221;]<\/p>\n<p>Your content goes here. Edit or remove this text inline or in the module Content settings.<\/p>\n<p>[\/et_pb_cta][et_pb_blurb title=&#8221;Your Title Goes Here&#8221; image=&#8221;https:\/\/kupatila.biz\/wp-content\/uploads\/2021\/10\/promo1.jpg&#8221; _builder_version=&#8221;4.12.0&#8243; _module_preset=&#8221;default&#8221; background_enable_image=&#8221;off&#8221; global_colors_info=&#8221;{}&#8221; global_module=&#8221;970&#8243; saved_tabs=&#8221;all&#8221;]<\/p>\n<p>Your content goes here. Edit or remove this text inline or in the module Content settings. <\/p>\n<p>[\/et_pb_blurb][\/et_pb_column][et_pb_column type=&#8221;3_4&#8243; _builder_version=&#8221;4.11.2&#8243; _module_preset=&#8221;default&#8221; global_colors_info=&#8221;{}&#8221;][et_pb_text _builder_version=&#8221;4.11.2&#8243; _module_preset=&#8221;default&#8221; header_font=&#8221;Montserrat|||on|||||&#8221; header_font_size=&#8221;20px&#8221; header_letter_spacing=&#8221;0.5px&#8221; custom_margin=&#8221;||11px||false|false&#8221; global_colors_info=&#8221;{}&#8221;]<\/p>\n<h1>Keramika &#8211; Veleprodajni i maloprodajni objekti<\/h1>\n<p>[\/et_pb_text][et_pb_text _builder_version=&#8221;4.11.2&#8243; _module_preset=&#8221;default&#8221; header_font=&#8221;Montserrat|||on|||||&#8221; header_text_color=&#8221;#444444&#8243; header_font_size=&#8221;20px&#8221; header_2_font=&#8221;Montserrat|||on|||||&#8221; header_2_text_color=&#8221;#444444&#8243; header_2_font_size=&#8221;24px&#8221; text_orientation=&#8221;justified&#8221; global_colors_info=&#8221;{}&#8221;]<\/p>\n<p>O FIRMI<\/p>\n<p>Po\u0161tuju\u0107i razli\u010ditosti u stilovima i ukusima, pro\u0161irili smo na\u0161 asortiman. Radno vreme smo prilagodili Va\u0161em. U skladu sa tr\u017ei\u0161tem i njegovim razvojem, upotpunili smo na\u0161u ponudu u veleprodajnim i maloprodajnim objektima. Sve vi\u0161e kupaca se odlu\u010duje za nas zahvaljuju\u0107i takvom vidu poslovanja koje se temelji na uspe\u0161nim i korektnim odnosima sa dobavlja\u010dima i sa samim kupcima.<\/p>\n<p>Nalazimo se u ulici Vi\u0161nji\u010dka br 34 u Beogradu. Posetite nas i uverite se u kvalitet usluge i ponude.<\/p>\n<p>Na\u0161a ponuda obuhvata razli\u010dite proizvodja\u010de, zato \u0107e na\u0161e osoblje na najbolji mogu\u0107i na\u010din da vam prezentuje proizvode i pomogne pri odabiru artikala (<a href=\"https:\/\/kupatila.biz\/keramicke-plocice\/\">oprema za kupatila<\/a>). Uspe\u0161no saradjujemo sa renomiranim, doma\u0107im i stranim firmama \u010dije pristupa\u010dne cene i bogat asortiman proizvoda \u010dine na\u0161u ponudu i na\u0161 asortiman konkurentnim na tr\u017ei\u0161tu.<\/p>\n<p>Mi vodimo ra\u010duna o svakom kupcu. Oslonite se na na\u0161e dugogodi\u0161nje iskustvo! Veoma lako i brzo od idejnih re\u0161enja do idealno name\u0161tenog <strong>kupatila<\/strong>. Odabirom proizvoda iz na\u0161eg asortimana, iz na\u0161ih salona iza\u0107i\u0107ete zadovoljni i sa osmehom.<\/p>\n<p>[\/et_pb_text][et_pb_text _builder_version=&#8221;4.11.2&#8243; _module_preset=&#8221;default&#8221; header_font=&#8221;Montserrat||||||||&#8221; header_text_color=&#8221;#444444&#8243; header_font_size=&#8221;28px&#8221; header_2_font=&#8221;Montserrat|||on|||||&#8221; header_2_text_color=&#8221;#444444&#8243; header_2_font_size=&#8221;17px&#8221; text_orientation=&#8221;justified&#8221; custom_padding=&#8221;22px|||||&#8221; global_colors_info=&#8221;{}&#8221;]<\/p>\n<h2>Sve za kupatilo<\/h2>\n<p>Uz vrhunsku uslugu, mo\u017eemo da Vam ponudimo <strong>keramicke plocice<\/strong>, bojlere, <strong>sanitarije<\/strong>, galanteriju, <a href=\"https:\/\/kupatila.biz\/keramika\/uredjenje-kupatila\/\">baterije<\/a>, kade i svu prate\u0107u opremu za kupatila. Kao i elektro materijal, <em>vodovodni program<\/em>, pre\u0161kaste materijale renomiranih proizvodja\u010da.<\/p>\n<p>Program za grejanje koji mo\u017eemo da Vam ponudimo visokog je kvaliteta, probiranih proizvodja\u010da koji obuhvata: kotlove, cirkularne pumpe, panelne radijatore, aluminijske radijatore itd.<\/p>\n<p>Sve na jednom mestu! Opremite Va\u0161e <strong>kupatilo<\/strong>, najkvalitetnijom i najpovoljnijom keramikom na zadovoljstvo Va\u0161e porodice.<\/p>\n<p>Dozvolite da Vam pomognemo oko ideja za uredjenje Va\u0161eg \u017eivotnog prostora ( kupatila, kuhinje itd.) i oko odabira opreme. Bez obzira da li ste u zavr\u0161noj fazi gradnje ili preuredjujete ve\u0107 postoje\u0107i prostor veoma je va\u017eno da prepoznate i odaberete kvalitet.<\/p>\n<p>&nbsp;<\/p>\n<p>Zadovoljan kupac je na\u0161a najbolja reklama!<\/p>\n<p>&nbsp;<\/p>\n<p>[\/et_pb_text][\/et_pb_column][\/et_pb_row][\/et_pb_section]<\/p>\n","protected":false},"excerpt":{"rendered":"<p>Your content goes here. Edit or remove this text inline or in the module Content settings.Your content goes here. Edit or remove this text inline or in the module Content settings. Keramika &#8211; Veleprodajni i maloprodajni objektiO FIRMI Po\u0161tuju\u0107i razli\u010ditosti u stilovima i ukusima, pro\u0161irili smo na\u0161 asortiman. Radno vreme smo prilagodili Va\u0161em. U skladu [&hellip;]<\/p>\n","protected":false},"author":1,"featured_media":0,"parent":36,"menu_order":1,"comment_status":"closed","ping_status":"closed","template":"","meta":{"_et_pb_use_builder":"on","_et_pb_old_content":"","_et_gb_content_width":"","footnotes":""},"class_list":["post-39","page","type-page","status-publish","hentry"],"yoast_head":"<!-- This site is optimized with the Yoast SEO plugin v25.3.1 - https:\/\/yoast.com\/wordpress\/plugins\/seo\/ -->\n<title>Keramika - Veleprodajni i maloprodajni objekti - Kupatila Beograd<\/title>\n<meta name=\"description\" content=\"Uz vrhunsku uslugu, mo\u017eemo da Vam ponudimo\" \/>\n<meta name=\"robots\" content=\"index, follow, max-snippet:-1, max-image-preview:large, max-video-preview:-1\" \/>\n<link rel=\"canonical\" href=\"https:\/\/kupatila.biz\/?page_id=39\" \/>\n<meta property=\"og:locale\" content=\"en_US\" \/>\n<meta property=\"og:type\" content=\"article\" \/>\n<meta property=\"og:title\" content=\"Keramika - Veleprodajni i maloprodajni objekti - Kupatila Beograd\" \/>\n<meta property=\"og:description\" content=\"Uz vrhunsku uslugu, mo\u017eemo da Vam ponudimo\" \/>\n<meta property=\"og:url\" content=\"https:\/\/kupatila.biz\/?page_id=39\" \/>\n<meta property=\"og:site_name\" content=\"Kupatila Beograd\" \/>\n<meta property=\"article:modified_time\" content=\"2021-10-30T13:34:59+00:00\" \/>\n<meta name=\"twitter:card\" content=\"summary_large_image\" \/>\n<script type=\"application\/ld+json\" class=\"yoast-schema-graph\">{\"@context\":\"https:\/\/schema.org\",\"@graph\":[{\"@type\":\"WebPage\",\"@id\":\"https:\/\/kupatila.biz\/?page_id=39\",\"url\":\"https:\/\/kupatila.biz\/?page_id=39\",\"name\":\"Keramika - Veleprodajni i maloprodajni objekti - Kupatila Beograd\",\"isPartOf\":{\"@id\":\"https:\/\/kupatila.biz\/#website\"},\"datePublished\":\"2021-10-10T11:18:19+00:00\",\"dateModified\":\"2021-10-30T13:34:59+00:00\",\"description\":\"Uz vrhunsku uslugu, mo\u017eemo da Vam ponudimo\",\"breadcrumb\":{\"@id\":\"https:\/\/kupatila.biz\/?page_id=39#breadcrumb\"},\"inLanguage\":\"en-US\",\"potentialAction\":[{\"@type\":\"ReadAction\",\"target\":[\"https:\/\/kupatila.biz\/?page_id=39\"]}]},{\"@type\":\"BreadcrumbList\",\"@id\":\"https:\/\/kupatila.biz\/?page_id=39#breadcrumb\",\"itemListElement\":[{\"@type\":\"ListItem\",\"position\":1,\"name\":\"Home\",\"item\":\"https:\/\/kupatila.biz\/\"},{\"@type\":\"ListItem\",\"position\":2,\"name\":\"O nama\",\"item\":\"https:\/\/kupatila.biz\/?page_id=36\"},{\"@type\":\"ListItem\",\"position\":3,\"name\":\"O firmi\"}]},{\"@type\":\"WebSite\",\"@id\":\"https:\/\/kupatila.biz\/#website\",\"url\":\"https:\/\/kupatila.biz\/\",\"name\":\"Kupatila Beograd\",\"description\":\"Keramika\",\"potentialAction\":[{\"@type\":\"SearchAction\",\"target\":{\"@type\":\"EntryPoint\",\"urlTemplate\":\"https:\/\/kupatila.biz\/?s={search_term_string}\"},\"query-input\":{\"@type\":\"PropertyValueSpecification\",\"valueRequired\":true,\"valueName\":\"search_term_string\"}}],\"inLanguage\":\"en-US\"}]}<\/script>\n<!-- \/ Yoast SEO plugin. -->","yoast_head_json":{"title":"Keramika - Veleprodajni i maloprodajni objekti - Kupatila Beograd","description":"Uz vrhunsku uslugu, mo\u017eemo da Vam ponudimo","robots":{"index":"index","follow":"follow","max-snippet":"max-snippet:-1","max-image-preview":"max-image-preview:large","max-video-preview":"max-video-preview:-1"},"canonical":"https:\/\/kupatila.biz\/?page_id=39","og_locale":"en_US","og_type":"article","og_title":"Keramika - Veleprodajni i maloprodajni objekti - Kupatila Beograd","og_description":"Uz vrhunsku uslugu, mo\u017eemo da Vam ponudimo","og_url":"https:\/\/kupatila.biz\/?page_id=39","og_site_name":"Kupatila Beograd","article_modified_time":"2021-10-30T13:34:59+00:00","twitter_card":"summary_large_image","schema":{"@context":"https:\/\/schema.org","@graph":[{"@type":"WebPage","@id":"https:\/\/kupatila.biz\/?page_id=39","url":"https:\/\/kupatila.biz\/?page_id=39","name":"Keramika - Veleprodajni i maloprodajni objekti - Kupatila Beograd","isPartOf":{"@id":"https:\/\/kupatila.biz\/#website"},"datePublished":"2021-10-10T11:18:19+00:00","dateModified":"2021-10-30T13:34:59+00:00","description":"Uz vrhunsku uslugu, mo\u017eemo da Vam ponudimo","breadcrumb":{"@id":"https:\/\/kupatila.biz\/?page_id=39#breadcrumb"},"inLanguage":"en-US","potentialAction":[{"@type":"ReadAction","target":["https:\/\/kupatila.biz\/?page_id=39"]}]},{"@type":"BreadcrumbList","@id":"https:\/\/kupatila.biz\/?page_id=39#breadcrumb","itemListElement":[{"@type":"ListItem","position":1,"name":"Home","item":"https:\/\/kupatila.biz\/"},{"@type":"ListItem","position":2,"name":"O nama","item":"https:\/\/kupatila.biz\/?page_id=36"},{"@type":"ListItem","position":3,"name":"O firmi"}]},{"@type":"WebSite","@id":"https:\/\/kupatila.biz\/#website","url":"https:\/\/kupatila.biz\/","name":"Kupatila Beograd","description":"Keramika","potentialAction":[{"@type":"SearchAction","target":{"@type":"EntryPoint","urlTemplate":"https:\/\/kupatila.biz\/?s={search_term_string}"},"query-input":{"@type":"PropertyValueSpecification","valueRequired":true,"valueName":"search_term_string"}}],"inLanguage":"en-US"}]}},"_links":{"self":[{"href":"https:\/\/kupatila.biz\/index.php?rest_route=\/wp\/v2\/pages\/39","targetHints":{"allow":["GET"]}}],"collection":[{"href":"https:\/\/kupatila.biz\/index.php?rest_route=\/wp\/v2\/pages"}],"about":[{"href":"https:\/\/kupatila.biz\/index.php?rest_route=\/wp\/v2\/types\/page"}],"author":[{"embeddable":true,"href":"https:\/\/kupatila.biz\/index.php?rest_route=\/wp\/v2\/users\/1"}],"replies":[{"embeddable":true,"href":"https:\/\/kupatila.biz\/index.php?rest_route=%2Fwp%2Fv2%2Fcomments&post=39"}],"version-history":[{"count":0,"href":"https:\/\/kupatila.biz\/index.php?rest_route=\/wp\/v2\/pages\/39\/revisions"}],"up":[{"embeddable":true,"href":"https:\/\/kupatila.biz\/index.php?rest_route=\/wp\/v2\/pages\/36"}],"wp:attachment":[{"href":"https:\/\/kupatila.biz\/index.php?rest_route=%2Fwp%2Fv2%2Fmedia&parent=39"}],"curies":[{"name":"wp","href":"https:\/\/api.w.org\/{rel}","templated":true}]}}