{"id":30,"date":"2021-10-10T11:03:06","date_gmt":"2021-10-10T11:03:06","guid":{"rendered":"https:\/\/kupatila.biz\/?page_id=30"},"modified":"2021-10-30T13:44:25","modified_gmt":"2021-10-30T13:44:25","slug":"keramicke-plocice","status":"publish","type":"page","link":"https:\/\/kupatila.biz\/?page_id=30","title":{"rendered":"Proizvodi"},"content":{"rendered":"<p>[et_pb_section fb_built=&#8221;1&#8243; _builder_version=&#8221;4.12.0&#8243; _module_preset=&#8221;default&#8221; hover_enabled=&#8221;0&#8243; global_colors_info=&#8221;{}&#8221; sticky_enabled=&#8221;0&#8243; custom_padding=&#8221;||||false|false&#8221;][et_pb_row column_structure=&#8221;1_4,3_4&#8243; _builder_version=&#8221;4.11.2&#8243; _module_preset=&#8221;default&#8221; custom_padding=&#8221;0px||||false|false&#8221; global_colors_info=&#8221;{}&#8221;][et_pb_column type=&#8221;1_4&#8243; _builder_version=&#8221;4.11.2&#8243; _module_preset=&#8221;default&#8221; global_colors_info=&#8221;{}&#8221;][et_pb_sidebar _builder_version=&#8221;4.12.0&#8243; _module_preset=&#8221;default&#8221; hover_enabled=&#8221;0&#8243; sticky_enabled=&#8221;0&#8243; custom_margin=&#8221;||-2px|||&#8221;][\/et_pb_sidebar][et_pb_cta title=&#8221;Your Title Goes Here&#8221; button_text=&#8221;Click Here&#8221; _builder_version=&#8221;4.12.0&#8243; _module_preset=&#8221;default&#8221; background_enable_image=&#8221;off&#8221; global_colors_info=&#8221;{}&#8221; global_module=&#8221;969&#8243; theme_builder_area=&#8221;post_content&#8221;]<\/p>\n<p>Your content goes here. Edit or remove this text inline or in the module Content settings.<\/p>\n<p>[\/et_pb_cta][et_pb_blurb title=&#8221;Your Title Goes Here&#8221; image=&#8221;https:\/\/kupatila.biz\/wp-content\/uploads\/2021\/10\/promo1.jpg&#8221; _builder_version=&#8221;4.12.0&#8243; _module_preset=&#8221;default&#8221; background_enable_image=&#8221;off&#8221; global_colors_info=&#8221;{}&#8221; global_module=&#8221;970&#8243; theme_builder_area=&#8221;post_content&#8221;]<\/p>\n<p>Your content goes here. Edit or remove this text inline or in the module Content settings. <\/p>\n<p>[\/et_pb_blurb][\/et_pb_column][et_pb_column type=&#8221;3_4&#8243; _builder_version=&#8221;4.11.2&#8243; _module_preset=&#8221;default&#8221; global_colors_info=&#8221;{}&#8221;][et_pb_text _builder_version=&#8221;4.11.2&#8243; _module_preset=&#8221;default&#8221; header_font=&#8221;Montserrat|||on|||||&#8221; header_font_size=&#8221;20px&#8221; custom_margin=&#8221;||11px||false|false&#8221; global_colors_info=&#8221;{}&#8221;]<\/p>\n<h1>Kupatila &#8211; proizvodi<\/h1>\n<p>[\/et_pb_text][et_pb_text _builder_version=&#8221;4.11.2&#8243; _module_preset=&#8221;default&#8221; header_font=&#8221;Montserrat|||on|||||&#8221; header_text_color=&#8221;#444444&#8243; header_font_size=&#8221;20px&#8221; text_orientation=&#8221;justified&#8221; global_colors_info=&#8221;{}&#8221;]<\/p>\n<p><strong>Opremanje kupatila<\/strong> je veoma zanimljiv i kreativan posao. Kombinovanjem mno\u0161tvo dizajnerskih opcija i modela, do\u0107i\u0107ete do savr\u0161enog re\u0161enja za Va\u0161e <a href=\"https:\/\/kupatila.biz\/keramika\/oprema-za-kupatila\/\">kupatilo<\/a>. Da bi ste u\u010dinili Va\u0161e kupatilo ekskluzivnim i vrhunski opremnjenim, pogledajte na\u0161u ponudu. Ponuda obuhvata proizvode probiranih svetskih proizvodja\u010da koji \u0107e Va\u0161e kupatilo da u\u010dine mestom za neizmerno u\u017eivanje.<\/p>\n<p><strong>Plocice za kupatila<\/strong> najpoznatijih doma\u0107ih i svetskih proizvodja\u010da po najpovoljnijim cenama. Keramika za kupatila: <span style=\"text-decoration: underline;\">Kanjiza<\/span>, <span style=\"text-decoration: underline;\">Enmon<\/span> keramika, Zorka Keramika, Keramika Mladenovac, Toza Markovic. Italijanska keramika, spanska keramika kao i keramika mnogih drugih svetski poznatih i priznatih proizvodja\u010da kao \u0161to su: Vidima, Gorenje,<br \/>Slavine poznatih proizvodjaca: Armal (Hidra, Oria, Deia, Image), Minotti, Aqua, Nouva, Bella, Grohe, Rosan, Kludi, Unitas, Framo&#8230;<br \/>Namestaj za kupatilo &#8211;<br \/>Sanitarije za kupatilo &#8211;<\/p>\n<p>[\/et_pb_text][et_pb_text _builder_version=&#8221;4.11.2&#8243; _module_preset=&#8221;default&#8221; header_2_font=&#8221;Montserrat|||on|||||&#8221; header_2_text_color=&#8221;#444444&#8243; header_2_font_size=&#8221;18px&#8221; text_orientation=&#8221;justified&#8221; custom_padding=&#8221;12px|||||&#8221; global_colors_info=&#8221;{}&#8221;]<\/p>\n<h2>Keramicke plocice<\/h2>\n<p><strong>Plocice za kupatilo<\/strong>, plocice za kuhinju, podne plocice, zidne plocice, mozaik plocice, granitne plocice, plo\u010dice za terasu, hodnike&#8230;<\/p>\n<p>[\/et_pb_text][et_pb_text _builder_version=&#8221;4.11.2&#8243; _module_preset=&#8221;default&#8221; header_text_align=&#8221;justify&#8221; header_2_font=&#8221;Montserrat|||on|||||&#8221; header_2_text_color=&#8221;#444444&#8243; header_2_font_size=&#8221;18px&#8221; text_orientation=&#8221;justified&#8221; custom_padding=&#8221;12px||||false|false&#8221; global_colors_info=&#8221;{}&#8221;]<\/p>\n<h2>Kupatila Beograd<\/h2>\n<p><strong>Sanitarije<\/strong> &#8211; Wc solje, wc daske, vodokotlic, lavabo, bojleri ( bojler 80l, 50l, protocni bojler&#8230;)<\/p>\n<p>Baterije<br \/><em><br \/>Kupatilski name\u0161taj<\/em> (ormarici za kupatilo, kutijice za kupatilske ormari\u0107e, police za kupatilo, zidne police, postolje za lavabo, konzola za lavabo, panel za kade itd.)<\/p>\n<p>Galanterija za kupatilo (ogledala za kupatilo, drzaci za sapun, drzaci za cetkice, dozeri, drzaci za peskire (okrugli, \u0161ipka), drzaci za toalet papir, svetla za kupatilo, grejalice za kupatilo, ventilatori za kupatila itd.<\/p>\n<p>&nbsp;<\/p>\n<p>Kade za kupatilo &#8211; <a href=\"https:\/\/kupatila.biz\/keramika\/kupatilo\/\">Kade i tus kabine<\/a><\/p>\n<table style=\"width: 99.0196%; border-collapse: collapse;\" border=\"1\">\n<tbody>\n<tr>\n<td style=\"width: 33.3333%;\">Hidromasazne kade<\/td>\n<td style=\"width: 33.3333%;\">Hidromasazne tus kabine<\/td>\n<td style=\"width: 3.26797%;\">Djakuzi kade<\/td>\n<\/tr>\n<tr>\n<td style=\"width: 33.3333%;\">Tus kabine polukuzne<\/td>\n<td style=\"width: 33.3333%;\">Polukru\u017ene tus kabine<\/td>\n<td style=\"width: 3.26797%;\">Kvadratne tu\u0161 kabine<\/td>\n<\/tr>\n<tr>\n<td style=\"width: 33.3333%;\">Petougaone tu\u0161 kabine<\/td>\n<td style=\"width: 33.3333%;\">Paneli za <strong>tus kabine<\/strong><\/td>\n<td style=\"width: 33.3333%;\">Paravani za kade<\/td>\n<\/tr>\n<tr>\n<td style=\"width: 33.3333%;\">Vrata za tu\u0161 kabine po meri<\/td>\n<td style=\"width: 33.3333%;\">\n<p>Tus kade<\/p>\n<h3><\/h3>\n<\/td>\n<td style=\"width: 3.26797%;\">Tu\u0161evi<\/td>\n<\/tr>\n<\/tbody>\n<\/table>\n<p>&nbsp;<\/p>\n<p>Kod nas mo\u017eete prona\u0107i sve \u0161to Vam, je potrebno za uredjenje i opremanje kupatila. Kupatilo treba da predstavlja mesto za relaksaciju i odmor pa stoga veliku pa\u017enju treba obratiti na njegovo uredjenje. Kombinaciju boja i materijala. Dozvolite nam da Vam pomognemo u odabiru i dizajniranju Va\u0161eg kupatila. <strong>Ideje za uredjenje kupatila<\/strong> mo\u017eemo zajedno da sprovedemo u delo. Va\u0161e ideje usmerene na\u0161im profesionalnim savetima, upotpunjene proizvodima iz na\u0161e ponude su pravi pogodak.<\/p>\n<p>Pozovite nas telefonom ili nas kontaktirajte putem mail-a!<\/p>\n<p><a href=\"https:\/\/kupatila.biz\/tus-kabine-kontakt\/salon-kupatila\/\">Kontakt forma<\/a><\/p>\n<p>&nbsp;<\/p>\n<p>[\/et_pb_text][\/et_pb_column][\/et_pb_row][\/et_pb_section]<\/p>\n","protected":false},"excerpt":{"rendered":"<p>Your content goes here. Edit or remove this text inline or in the module Content settings.Your content goes here. Edit or remove this text inline or in the module Content settings. Kupatila &#8211; proizvodiOpremanje kupatila je veoma zanimljiv i kreativan posao. Kombinovanjem mno\u0161tvo dizajnerskih opcija i modela, do\u0107i\u0107ete do savr\u0161enog re\u0161enja za Va\u0161e kupatilo. Da [&hellip;]<\/p>\n","protected":false},"author":1,"featured_media":0,"parent":0,"menu_order":0,"comment_status":"closed","ping_status":"closed","template":"","meta":{"_et_pb_use_builder":"on","_et_pb_old_content":"<!-- wp:divi\/placeholder \/-->","_et_gb_content_width":"","footnotes":""},"class_list":["post-30","page","type-page","status-publish","hentry"],"yoast_head":"<!-- This site is optimized with the Yoast SEO plugin v25.3.1 - https:\/\/yoast.com\/wordpress\/plugins\/seo\/ -->\n<title>Keramicke plocice - Kupatila Beograd<\/title>\n<meta name=\"description\" content=\"Plocice za kupatila najpoznatijih doma\u0107ih i svetskih proizvodja\u010da po\" \/>\n<meta name=\"robots\" content=\"index, follow, max-snippet:-1, max-image-preview:large, max-video-preview:-1\" \/>\n<link rel=\"canonical\" href=\"https:\/\/kupatila.biz\/?page_id=30\" \/>\n<meta property=\"og:locale\" content=\"en_US\" \/>\n<meta property=\"og:type\" content=\"article\" \/>\n<meta property=\"og:title\" content=\"Keramicke plocice - Kupatila Beograd\" \/>\n<meta property=\"og:description\" content=\"Plocice za kupatila najpoznatijih doma\u0107ih i svetskih proizvodja\u010da po\" \/>\n<meta property=\"og:url\" content=\"https:\/\/kupatila.biz\/?page_id=30\" \/>\n<meta property=\"og:site_name\" content=\"Kupatila Beograd\" \/>\n<meta property=\"article:modified_time\" content=\"2021-10-30T13:44:25+00:00\" \/>\n<meta name=\"twitter:card\" content=\"summary_large_image\" \/>\n<script type=\"application\/ld+json\" class=\"yoast-schema-graph\">{\"@context\":\"https:\/\/schema.org\",\"@graph\":[{\"@type\":\"WebPage\",\"@id\":\"https:\/\/kupatila.biz\/?page_id=30\",\"url\":\"https:\/\/kupatila.biz\/?page_id=30\",\"name\":\"Keramicke plocice - Kupatila Beograd\",\"isPartOf\":{\"@id\":\"https:\/\/kupatila.biz\/#website\"},\"datePublished\":\"2021-10-10T11:03:06+00:00\",\"dateModified\":\"2021-10-30T13:44:25+00:00\",\"description\":\"Plocice za kupatila najpoznatijih doma\u0107ih i svetskih proizvodja\u010da po\",\"breadcrumb\":{\"@id\":\"https:\/\/kupatila.biz\/?page_id=30#breadcrumb\"},\"inLanguage\":\"en-US\",\"potentialAction\":[{\"@type\":\"ReadAction\",\"target\":[\"https:\/\/kupatila.biz\/?page_id=30\"]}]},{\"@type\":\"BreadcrumbList\",\"@id\":\"https:\/\/kupatila.biz\/?page_id=30#breadcrumb\",\"itemListElement\":[{\"@type\":\"ListItem\",\"position\":1,\"name\":\"Home\",\"item\":\"https:\/\/kupatila.biz\/\"},{\"@type\":\"ListItem\",\"position\":2,\"name\":\"Proizvodi\"}]},{\"@type\":\"WebSite\",\"@id\":\"https:\/\/kupatila.biz\/#website\",\"url\":\"https:\/\/kupatila.biz\/\",\"name\":\"Kupatila Beograd\",\"description\":\"Keramika\",\"potentialAction\":[{\"@type\":\"SearchAction\",\"target\":{\"@type\":\"EntryPoint\",\"urlTemplate\":\"https:\/\/kupatila.biz\/?s={search_term_string}\"},\"query-input\":{\"@type\":\"PropertyValueSpecification\",\"valueRequired\":true,\"valueName\":\"search_term_string\"}}],\"inLanguage\":\"en-US\"}]}<\/script>\n<!-- \/ Yoast SEO plugin. -->","yoast_head_json":{"title":"Keramicke plocice - Kupatila Beograd","description":"Plocice za kupatila najpoznatijih doma\u0107ih i svetskih proizvodja\u010da po","robots":{"index":"index","follow":"follow","max-snippet":"max-snippet:-1","max-image-preview":"max-image-preview:large","max-video-preview":"max-video-preview:-1"},"canonical":"https:\/\/kupatila.biz\/?page_id=30","og_locale":"en_US","og_type":"article","og_title":"Keramicke plocice - Kupatila Beograd","og_description":"Plocice za kupatila najpoznatijih doma\u0107ih i svetskih proizvodja\u010da po","og_url":"https:\/\/kupatila.biz\/?page_id=30","og_site_name":"Kupatila Beograd","article_modified_time":"2021-10-30T13:44:25+00:00","twitter_card":"summary_large_image","schema":{"@context":"https:\/\/schema.org","@graph":[{"@type":"WebPage","@id":"https:\/\/kupatila.biz\/?page_id=30","url":"https:\/\/kupatila.biz\/?page_id=30","name":"Keramicke plocice - Kupatila Beograd","isPartOf":{"@id":"https:\/\/kupatila.biz\/#website"},"datePublished":"2021-10-10T11:03:06+00:00","dateModified":"2021-10-30T13:44:25+00:00","description":"Plocice za kupatila najpoznatijih doma\u0107ih i svetskih proizvodja\u010da po","breadcrumb":{"@id":"https:\/\/kupatila.biz\/?page_id=30#breadcrumb"},"inLanguage":"en-US","potentialAction":[{"@type":"ReadAction","target":["https:\/\/kupatila.biz\/?page_id=30"]}]},{"@type":"BreadcrumbList","@id":"https:\/\/kupatila.biz\/?page_id=30#breadcrumb","itemListElement":[{"@type":"ListItem","position":1,"name":"Home","item":"https:\/\/kupatila.biz\/"},{"@type":"ListItem","position":2,"name":"Proizvodi"}]},{"@type":"WebSite","@id":"https:\/\/kupatila.biz\/#website","url":"https:\/\/kupatila.biz\/","name":"Kupatila Beograd","description":"Keramika","potentialAction":[{"@type":"SearchAction","target":{"@type":"EntryPoint","urlTemplate":"https:\/\/kupatila.biz\/?s={search_term_string}"},"query-input":{"@type":"PropertyValueSpecification","valueRequired":true,"valueName":"search_term_string"}}],"inLanguage":"en-US"}]}},"_links":{"self":[{"href":"https:\/\/kupatila.biz\/index.php?rest_route=\/wp\/v2\/pages\/30","targetHints":{"allow":["GET"]}}],"collection":[{"href":"https:\/\/kupatila.biz\/index.php?rest_route=\/wp\/v2\/pages"}],"about":[{"href":"https:\/\/kupatila.biz\/index.php?rest_route=\/wp\/v2\/types\/page"}],"author":[{"embeddable":true,"href":"https:\/\/kupatila.biz\/index.php?rest_route=\/wp\/v2\/users\/1"}],"replies":[{"embeddable":true,"href":"https:\/\/kupatila.biz\/index.php?rest_route=%2Fwp%2Fv2%2Fcomments&post=30"}],"version-history":[{"count":0,"href":"https:\/\/kupatila.biz\/index.php?rest_route=\/wp\/v2\/pages\/30\/revisions"}],"wp:attachment":[{"href":"https:\/\/kupatila.biz\/index.php?rest_route=%2Fwp%2Fv2%2Fmedia&parent=30"}],"curies":[{"name":"wp","href":"https:\/\/api.w.org\/{rel}","templated":true}]}}